{"id":3,"date":"2019-03-27T10:15:43","date_gmt":"2019-03-27T09:15:43","guid":{"rendered":"http:\/\/ajronmedia.nazwa.pl\/?page_id=3"},"modified":"2019-10-17T11:38:45","modified_gmt":"2019-10-17T09:38:45","slug":"datenschutzerklarung","status":"publish","type":"page","link":"https:\/\/tomispilze.pl\/de\/datenschutzerklarung\/","title":{"rendered":"Datenschutzerkl\u00e4rung"},"content":{"rendered":"\n<h2 class=\"wp-block-heading\">POLITYKA PRYWATNO\u015aCI TOMISPILZE.PL<\/h2>\n\n\n\n<h4 class=\"wp-block-heading\">W\u0141A\u015aCICIELEM STRONY TOMISPILZE.PL I ADMINISTRATOREM DANYCH OSOBOWYCH JEST:<\/h4>\n\n\n\n<p>P.W. TOMIS<\/p>\n\n\n\n<p>Tomasz Szczepaniak<br>B\u0142otnica, ul. Ogrodowa 6<br>64-234 Przem\u0119t<br>Polska<\/p>\n\n\n\n<h4 class=\"wp-block-heading\">WARUNKI KORZYSTANIA ZE STRONY INTERNETOWEJ TOMISPILZE.PL<\/h4>\n\n\n\n<p>Strona internetowa oraz ka\u017cdy z jej element\u00f3w, w tym mi\u0119dzy innymi znaki towarowe, logo, zdj\u0119cia, s\u0105 chronione mi\u0119dzynarodowym prawem w\u0142asno\u015bci intelektualnej. Tre\u015bci znajduj\u0105ce si\u0119 na stronie internetowej s\u0105 w\u0142asno\u015bci\u0105 W\u0142a\u015bciciela strony lub innych firm. Wykorzystywanie, kopiowanie i rozpowszechnianie ca\u0142o\u015bci lub cz\u0119\u015bci strony i\/lub jej element\u00f3w bez wyra\u017anej zgody W\u0142a\u015bciciela strony jest zabronione.<\/p>\n\n\n\n<p>Pozosta\u0142e znaki towarowe oraz loga pojawiaj\u0105ce si\u0119 na stronie s\u0105 wy\u0142\u0105czn\u0105 w\u0142asno\u015bci\u0105 firm trzecich i W\u0142a\u015bciciela strony nie posiada do nich \u017cadnych praw. Podlegaj\u0105 one ochronie praw w\u0142asno\u015bci intelektualnej. Nie mo\u017cna wykorzystywa\u0107 ani kopiowa\u0107 znak\u00f3w towarowych tych firm bez ich wyra\u017anej zgody. W przypadku ch\u0119ci wykorzystywania tych znak\u00f3w towarowych nale\u017cy zwr\u00f3ci\u0107 si\u0119 do ich w\u0142a\u015bcicieli.<br>Polityka prywatno\u015bci<\/p>\n\n\n\n<p>W\u0142a\u015bciciel strony stara si\u0119 korzysta\u0107 z najlepszych praktyk i traktowa\u0107 wszystkich U\u017cytkownik\u00f3w w spos\u00f3b uczciwy i otwarty. Korzystaj\u0105c ze strony tomispilze.pl wyra\u017casz zgod\u0119 na wykorzystanie przez nas plik\u00f3w cookies, w celu zapewnienia Tobie wygody podczas przegl\u0105dania wszystkich podstron. \u017badne pliki cookies wykorzystywane na stronie nie gromadz\u0105 informacji umo\u017cliwiaj\u0105cych ustalenie to\u017csamo\u015bci u\u017cytkownika.<\/p>\n\n\n\n<p>Wykorzystujemy us\u0142ug\u0119 Google Analytics, kt\u00f3ra legitymuje si\u0119 w\u0142asn\u0105 polityk\u0105 prywatno\u015bci:<br>\u2013 polityka ochrony prywatno\u015bci Google Analytics<br>\u2013 dane osobowe<\/p>\n\n\n\n<p>Przegl\u0105danie zasob\u00f3w umieszczonych na stronie tomispilze.pll nie wymaga podawania Twoich danych osobowych. Jednak\u017ce niekt\u00f3re jej elementy (np. formularz kontaktowy) ich wymagaj\u0105, aby zako\u0144czy\u0107 kontakt lub zaproponowa\u0107 Tobie lepsz\u0105 us\u0142ug\u0119..<\/p>\n\n\n\n<h4 class=\"wp-block-heading\">POLITYKA COOKIES<\/h4>\n\n\n\n<p><strong>Czym s\u0105 pliki cookies?<\/strong><\/p>\n\n\n\n<p>W zasadzie ka\u017cda witryna internetowa wykorzystuje pliki cookies, czyli ciasteczka. Sk\u0142adaj\u0105 si\u0119 na nie niewielkie pliki tekstowe, przechowywane na urz\u0105dzeniu ko\u0144cowym U\u017cytkownika. Tworzone s\u0105 przez Twoj\u0105 przegl\u0105dark\u0119 internetow\u0105 i przechowuj\u0105 ustawienia i informacje potrzebne (a cz\u0119sto niezb\u0119dne) do prawid\u0142owego dzia\u0142ania strony\/serwisu internetowego. Przy kolejnych odwiedzinach z tego samego urz\u0105dzenia przegl\u0105darka mo\u017ce sprawdzi\u0107, czy istniej\u0105 pliki cookies przechowuj\u0105ce wa\u017cne informacj\u0119 i przes\u0142a\u0107 je ponownie do odwiedzanej strony, kt\u00f3ra wcze\u015bniej zapisa\u0142a ciasteczko w Twoim urz\u0105dzeniu. Strona w ten spos\u00f3b mo\u017ce rozpozna\u0107, \u017ce odwiedza\u0142e\u015b j\u0105 wcze\u015bniej i np. dopasowa\u0107 prezentowan\u0105 tre\u015b\u0107 do Twoich potrzeb .<\/p>\n\n\n\n<p><strong>Zalety plik\u00f3w Cookies<\/strong><\/p>\n\n\n\n<p>Pliki cookies u\u0142atwiaj\u0105 U\u017cytkownikowi korzystanie z wcze\u015bniej odwiedzanych przez niego stron internetowych. Je\u015bli korzystasz z tego samego urz\u0105dzenia i przegl\u0105darki co wcze\u015bniej, umo\u017cliwia to zapami\u0119tanie Twoich preferencji i pozwala odpowiednio wy\u015bwietli\u0107 stron\u0119 internetow\u0105, dostosowan\u0105 do Twoich indywidualnych potrzeb. Pliki cookies pozwalaj\u0105 tworzy\u0107 statystyki, kt\u00f3re pomagaj\u0105 Administratorowi zrozumie\u0107, w jaki spos\u00f3b U\u017cytkownicy korzystaj\u0105 ze strony internetowej, to pozwala na ulepszanie jej struktury i zawarto\u015bci. Pozwalaj\u0105 r\u00f3wnie\u017c na utrzymanie sesji U\u017cytkownika strony (po zalogowaniu), dzi\u0119ki czemu ka\u017cda kolejna podstrona serwisu nie wymaga ponownego logowania.<\/p>\n\n\n\n<p><strong>Kontrolowanie i usuwanie plik\u00f3w Cookies<\/strong><\/p>\n\n\n\n<p>W dowolnym momencie mo\u017cesz zmienia\u0107 spos\u00f3b korzystania z plik\u00f3w cookies. Wi\u0119kszo\u015b\u0107 przegl\u0105darek oferuje mo\u017cliwo\u015b\u0107 akceptowania lub odrzucania wszystkich plik\u00f3w cookies, akceptowania tylko niekt\u00f3rych rodzaj\u00f3w albo informowania U\u017cytkownika za ka\u017cdym razem, gdy strona internetowa pr\u00f3buje je zapisa\u0107. Mo\u017cesz r\u00f3wnie\u017c z \u0142atwo\u015bci\u0105 usuwa\u0107 pliki cookies, kt\u00f3re zosta\u0142y ju\u017c zapisane na urz\u0105dzeniu przez przegl\u0105dark\u0119. Mo\u017cliwo\u015bci zarz\u0105dzania i usuwania plik\u00f3w cookies r\u00f3\u017cni\u0105 si\u0119 w zale\u017cno\u015bci od u\u017cywanej przegl\u0105darki. Wszystkie niezb\u0119dne informacje mo\u017cna znale\u017a\u0107 wykorzystuj\u0105c funkcj\u0119 Pomoc w przegl\u0105darce lub odwiedzaj\u0105c stron\u0119 internetow\u0105 www.aboutcookies.org\/, na kt\u00f3rej wyja\u015bniono, jak kontrolowa\u0107 i usuwa\u0107 pliki cookies w najpopularniejszych przegl\u0105darkach. Pami\u0119taj, \u017ce zablokowanie wszystkich ciasteczek mo\u017ce spowodowa\u0107 trudno\u015bci w dzia\u0142aniu lub zupe\u0142nie uniemo\u017cliwi\u0107 korzystanie z niekt\u00f3rych funkcjonalno\u015bci strony.<\/p>\n\n\n\n<p><strong>Jakie pliki cookies wykorzystuje nasza strona?<\/strong><\/p>\n\n\n\n<p><strong>Strona tomispilze.pll wykorzystuje pliki cookies, kt\u00f3re mo\u017cna podzieli\u0107 w nast\u0119puj\u0105cy spos\u00f3b:<\/strong><\/p>\n\n\n\n<p>\u201eniezb\u0119dne\u201d \u2013 czyli umo\u017cliwiaj\u0105ce korzystanie z us\u0142ug dost\u0119pnych w ramach strony<br>\u201efunkcjonalne\u201d \u2013 pliki umo\u017cliwiaj\u0105ce \u201ezapami\u0119tanie\u201d wybranych ustawie\u0144 i wp\u0142ywaj\u0105ce na personalizacj\u0119 interfejsu<br>\u201ezabezpieczaj\u0105ce\u201d \u2013 wspomagaj\u0105ce zapewnienie bezpiecze\u0144stwa<br>\u201ewydajno\u015bciowe\u201d \u2013 pliki umo\u017cliwiaj\u0105ce zbieranie informacji o sposobie korzystania ze strony<\/p>\n\n\n\n<p><strong>Jak zmieni\u0107 ustawienia dotycz\u0105ce plik\u00f3w cookies w mojej przegl\u0105darce?<\/strong><\/p>\n\n\n\n<p><strong>Informacje dotycz\u0105ce zmiany ustawie\u0144 plik\u00f3w cookies w poszczeg\u00f3lnych przegl\u0105darkach dost\u0119pne s\u0105 w ustawieniach u\u017cywanej przegl\u0105darki.<\/strong><\/p>\n","protected":false},"excerpt":{"rendered":"<p>POLITYKA PRYWATNO\u015aCI TOMISPILZE.PL W\u0141A\u015aCICIELEM STRONY TOMISPILZE.PL I ADMINISTRATOREM DANYCH OSOBOWYCH&hellip;<\/p>\n<p> <a class=\"more-link\" href=\"https:\/\/tomispilze.pl\/de\/datenschutzerklarung\/\">Czytaj dalej<\/a><\/p>\n","protected":false},"author":1,"featured_media":0,"parent":0,"menu_order":0,"comment_status":"closed","ping_status":"closed","template":"","meta":{"footnotes":""},"class_list":["post-3","page","type-page","status-publish"],"_links":{"self":[{"href":"https:\/\/tomispilze.pl\/de\/wp-json\/wp\/v2\/pages\/3","targetHints":{"allow":["GET"]}}],"collection":[{"href":"https:\/\/tomispilze.pl\/de\/wp-json\/wp\/v2\/pages"}],"about":[{"href":"https:\/\/tomispilze.pl\/de\/wp-json\/wp\/v2\/types\/page"}],"author":[{"embeddable":true,"href":"https:\/\/tomispilze.pl\/de\/wp-json\/wp\/v2\/users\/1"}],"replies":[{"embeddable":true,"href":"https:\/\/tomispilze.pl\/de\/wp-json\/wp\/v2\/comments?post=3"}],"version-history":[{"count":2,"href":"https:\/\/tomispilze.pl\/de\/wp-json\/wp\/v2\/pages\/3\/revisions"}],"predecessor-version":[{"id":912,"href":"https:\/\/tomispilze.pl\/de\/wp-json\/wp\/v2\/pages\/3\/revisions\/912"}],"wp:attachment":[{"href":"https:\/\/tomispilze.pl\/de\/wp-json\/wp\/v2\/media?parent=3"}],"curies":[{"name":"wp","href":"https:\/\/api.w.org\/{rel}","templated":true}]}}